{"id":236,"date":"2011-06-19T13:36:36","date_gmt":"2011-06-19T13:36:36","guid":{"rendered":"http:\/\/www.heustadelgasse.at\/?page_id=236"},"modified":"2025-12-22T20:44:33","modified_gmt":"2025-12-22T18:44:33","slug":"anmeldung-1-klasse","status":"publish","type":"page","link":"https:\/\/www.heustadelgasse.at\/?page_id=236","title":{"rendered":"Anmeldung 1. Klasse"},"content":{"rendered":"<h2><strong>Anmeldung f\u00fcr die 1. Klasse 2026\/27<\/strong><\/h2>\n<p><strong>Sehr geehrte Eltern und Erziehungsberechtigte, liebe k\u00fcnftige Sch\u00fclerinnen und Sch\u00fcler!<\/strong><\/p>\n<p><strong>Herzlich willkommen<\/strong> <strong>an der AHS Heustadelgasse!<\/strong> Es freut mich sehr, dass Sie Interesse daran haben, Ihr Kind bei uns <strong>anzumelden<\/strong> und Teil unserer Schulgemeinschaft zu werden.<\/p>\n<p>Gerade die Zeit rund um diese Ver\u00e4nderung \u2013 dem Umstieg von der Volksschule ins Gymnasium \u2013 bez\u00fcglich der <strong>Bildungslaufbahn Ihres Kindes<\/strong> ist besonders aufregend.<\/p>\n<p>Mit Sicherheit <strong>freuen<\/strong> sich Ihre Kinder ganz besonders <strong>auf ihre neue Schule<\/strong> und hoffen sehr, einen Platz in der AHS Heustadelgasse zu bekommen. Gleichzeitig wird diese Zeit f\u00fcr Sie eine Zeit des Wartens und der Anspannung sein, bis Sie endlich die ersehnte Zusage in H\u00e4nden halten.<\/p>\n<p>Um Ihnen diese Situation zumindest <strong>organisatorisch zu erleichtern<\/strong>, finden Sie weiter unten im Text alle wesentlichen Informationen zum Ablauf des Aufnahmeprozesses.<\/p>\n<p>Insgesamt legen wir gro\u00dfe Wert darauf, eine <strong>unterst\u00fctzende und f\u00f6rdernde Umgebung<\/strong> zu schaffen, in der jedes Kind sein volles <strong>Potenzial entfalten<\/strong> kann. Das haben Sie mit Sicherheit beim Tag der offenen T\u00fcr gesehen und gesp\u00fcrt. Beim Aufnahmegespr\u00e4ch werden mein Team und ich Sie\/Ihr Kind ebenso wohlwollend begr\u00fc\u00dfen und empfangen.<\/p>\n<p>Mit lieben Gr\u00fc\u00dfen und ich freue mich darauf, Sie und Ihr Kind kennen zu lernen<\/p>\n<p><strong>Direktorin Mag.<sup>a<\/sup> Dagmar Kerschbaumer<\/strong><\/p>\n<hr \/>\n<h3><strong>Ablauf der Anmeldung f\u00fcr die 1.Klasse 2026\/27:<\/strong><\/h3>\n<p>Sie k\u00f6nnen heuer zum ersten Mal <strong>Gespr\u00e4chstermine f\u00fcr die Anmeldewoche<\/strong> <strong>online reservieren<\/strong>:<\/p>\n<p><strong>1)\u00a0Online-Buchung<\/strong><\/p>\n<p>Mit dem Link https:\/\/ (wird rechtzeitig bekanntgegeben) k\u00f6nnen Sie selbstst\u00e4ndig einen Termin buchen.<\/p>\n<p>Um die Buchung abschlie\u00dfen zu k\u00f6nnen, m\u00fcssen Sie einen sechsstelligen \u00dcberpr\u00fcfungscode eingeben, der Ihnen auf Ihre E-Mailadresse geschickt wird. Anschlie\u00dfend erhalten Sie per E-Mail eine Buchungsbest\u00e4tigung Ihres Termins.<\/p>\n<p><strong>Telefonische Reservierung k\u00f6nnen nicht entgegengenommen werden. <\/strong><\/p>\n<p>\u00a0<\/p>\n<p><strong>2) Aufnahmekriterien und Anmeldesituation:<\/strong><\/p>\n<ul>\n<li>AHS-Reife<\/li>\n<li>Wohnortn\u00e4he<\/li>\n<li>Geschwisterkind<\/li>\n<\/ul>\n<p>Die <strong>AHS Heustadelgasse<\/strong> genie\u00dft einen <strong>hervorragenden Ruf im Bezirk<\/strong>. Daher sind die Anmeldezahlen seit Jahren erfreulicherweise sehr, sehr hoch. Leider gibt es aber nicht gen\u00fcgend Schulpl\u00e4tze, um jedes Kind aufnehmen zu k\u00f6nnen.<\/p>\n<p>Neben dem Kriterium \u201e<strong>AHS-Reife<\/strong>\u201c und \u201e<strong>Geschwister<\/strong>\u201c (d.h. die gro\u00dfe Schwester, der gro\u00dfe Bruder besucht derzeit\u00a0und auch im n\u00e4chsten Schuljahr die AHS Heustadelgasse) ist die <strong>Wohnortn\u00e4he<\/strong> ein wesentliches Aufnahmekriterium. Kinder, die in der N\u00e4he der Schule wohnen, werden bei der Aufnahme bevorzugt behandelt. Sollte der Wohnort in der N\u00e4he einer anderen Schule liegen (Polgarstra\u00dfe, Contiweg, Seestadt, Simonsgasse usw.) sind die Chancen sehr hoch, dort einen Platz zu bekommen und von der AHS Heustadelgasse leider eine Absage zu erhalten.<\/p>\n<p><strong>Mehrfachanmeldungen sind nicht m\u00f6glich (Anmeldung in einer Schule)! <\/strong><\/p>\n<p><strong>3) Anmeldewoche<\/strong><\/p>\n<p><strong>Montag, 16.2. bis Freitag, 20.2. entsprechend des reservierten Termins jeweils in der Zeit von<br \/><\/strong>Montag bis Freitag: 8:00 \u2013 12:00 Uhr<br \/>Dienstag und Donnerstag: 8:00 &#8211; 12:00 Uhr und 14:00 \u2013 17:00 Uhr<\/p>\n<p>Bitte ca. <strong>15 Minuten vor dem vereinbarten Termin<\/strong> beim <strong>Anmeldeschalter<\/strong> in der AHS Heustadelgasse anmelden.<\/p>\n<p>Das aufzunehmende Kind muss bei diesem Termin unbedingt dabei sein. Wir freuen uns darauf, Ihr Kind kennenzulernen. Ein\/e Erziehungsberechtigte\/r (oder beide Erziehungsberechtigten) begleitet das aufzunehmende Kind in die AHS Heustadelgasse. <strong>Bitte nehmen Sie zur Anmeldewoche folgende Unterlagen mit:<\/strong><\/p>\n<ul>\n<li>ausgef\u00fclltes Erhebungsblatt \u2013 wird von der Volksschule ausgegeben (bei Korrektur des Wohnortes am Erhebungsblatt muss ein entsprechender Meldenachweis vorgelegt werden \u2013 Meldezettel!)<\/li>\n<li>Original und eine Kopie der Schulnachricht 4. Klasse Volksschule<\/li>\n<li><a href=\"http:\/\/www.heustadelgasse.at\/wp-content\/uploads\/2025\/10\/01_2026-27_Anmeldeformular_Erhebung_1-Klasse.doc\">Anmeldeschein<\/a> (ausgef\u00fcllt) [bitte auf das Wort &#8222;Anmeldeschein&#8220; klicken]<\/li>\n<li>Kuvert DIN C5 (162 x 229 mm) mit der eigenen Adresse beschriftet und mit einer Briefmarke im Wert von \u20ac 1,55 frankiert.<\/li>\n<\/ul>\n<hr \/>\n<p><a href=\"http:\/\/www.heustadelgasse.at\/wp-content\/uploads\/2025\/10\/03_Information-ueber-den-Ablauf-Aufnahmeverfahren_kurz_neu_bunt_NEUUU.pdf\">\u00dcberblick &#8222;Ablauf der Aufnahme in die 1.Klasse AHS&#8220;<\/a><\/p>\n\n\n<p><\/p>\n","protected":false},"excerpt":{"rendered":"<p>Anmeldung f\u00fcr die 1. Klasse 2026\/27 Sehr geehrte Eltern und Erziehungsberechtigte, liebe k\u00fcnftige Sch\u00fclerinnen und Sch\u00fcler! Herzlich willkommen an der AHS Heustadelgasse! Es freut mich sehr, dass Sie Interesse daran haben, Ihr Kind bei uns anzumelden und Teil unserer Schulgemeinschaft zu werden. Gerade die Zeit rund um diese Ver\u00e4nderung \u2013 dem Umstieg von der Volksschule&#8230;  <a class=\"excerpt-read-more\" href=\"https:\/\/www.heustadelgasse.at\/?page_id=236\" title=\"Read Anmeldung 1. Klasse\">Read more &raquo;<\/a><\/p>\n","protected":false},"author":1,"featured_media":0,"parent":17,"menu_order":0,"comment_status":"closed","ping_status":"open","template":"","meta":{"footnotes":""},"class_list":["post-236","page","type-page","status-publish","hentry"],"yoast_head":"<!-- This site is optimized with the Yoast SEO plugin v14.9 - https:\/\/yoast.com\/wordpress\/plugins\/seo\/ -->\n<meta name=\"robots\" content=\"index, follow, max-snippet:-1, max-image-preview:large, max-video-preview:-1\" \/>\n<link rel=\"canonical\" href=\"https:\/\/www.heustadelgasse.at\/?page_id=236\" \/>\n<meta property=\"og:locale\" content=\"de_DE\" \/>\n<meta property=\"og:type\" content=\"article\" \/>\n<meta property=\"og:title\" content=\"Anmeldung 1. Klasse - AHS Heustadelgasse\" \/>\n<meta property=\"og:description\" content=\"Anmeldung f\u00fcr die 1. Klasse 2026\/27 Sehr geehrte Eltern und Erziehungsberechtigte, liebe k\u00fcnftige Sch\u00fclerinnen und Sch\u00fcler! Herzlich willkommen an der AHS Heustadelgasse! Es freut mich sehr, dass Sie Interesse daran haben, Ihr Kind bei uns anzumelden und Teil unserer Schulgemeinschaft zu werden. Gerade die Zeit rund um diese Ver\u00e4nderung \u2013 dem Umstieg von der Volksschule... Read more &raquo;\" \/>\n<meta property=\"og:url\" content=\"https:\/\/www.heustadelgasse.at\/?page_id=236\" \/>\n<meta property=\"og:site_name\" content=\"AHS Heustadelgasse\" \/>\n<meta property=\"article:modified_time\" content=\"2025-12-22T18:44:33+00:00\" \/>\n<script type=\"application\/ld+json\" class=\"yoast-schema-graph\">{\"@context\":\"https:\/\/schema.org\",\"@graph\":[{\"@type\":\"WebSite\",\"@id\":\"https:\/\/www.heustadelgasse.at\/#website\",\"url\":\"https:\/\/www.heustadelgasse.at\/\",\"name\":\"AHS Heustadelgasse\",\"description\":\"Bildung braucht Bewegung\",\"potentialAction\":[{\"@type\":\"SearchAction\",\"target\":\"https:\/\/www.heustadelgasse.at\/?s={search_term_string}\",\"query-input\":\"required name=search_term_string\"}],\"inLanguage\":\"de\"},{\"@type\":\"WebPage\",\"@id\":\"https:\/\/www.heustadelgasse.at\/?page_id=236#webpage\",\"url\":\"https:\/\/www.heustadelgasse.at\/?page_id=236\",\"name\":\"Anmeldung 1. Klasse - AHS Heustadelgasse\",\"isPartOf\":{\"@id\":\"https:\/\/www.heustadelgasse.at\/#website\"},\"datePublished\":\"2011-06-19T13:36:36+00:00\",\"dateModified\":\"2025-12-22T18:44:33+00:00\",\"inLanguage\":\"de\",\"potentialAction\":[{\"@type\":\"ReadAction\",\"target\":[\"https:\/\/www.heustadelgasse.at\/?page_id=236\"]}]}]}<\/script>\n<!-- \/ Yoast SEO plugin. -->","_links":{"self":[{"href":"https:\/\/www.heustadelgasse.at\/index.php?rest_route=\/wp\/v2\/pages\/236","targetHints":{"allow":["GET"]}}],"collection":[{"href":"https:\/\/www.heustadelgasse.at\/index.php?rest_route=\/wp\/v2\/pages"}],"about":[{"href":"https:\/\/www.heustadelgasse.at\/index.php?rest_route=\/wp\/v2\/types\/page"}],"author":[{"embeddable":true,"href":"https:\/\/www.heustadelgasse.at\/index.php?rest_route=\/wp\/v2\/users\/1"}],"replies":[{"embeddable":true,"href":"https:\/\/www.heustadelgasse.at\/index.php?rest_route=%2Fwp%2Fv2%2Fcomments&post=236"}],"version-history":[{"count":130,"href":"https:\/\/www.heustadelgasse.at\/index.php?rest_route=\/wp\/v2\/pages\/236\/revisions"}],"predecessor-version":[{"id":15439,"href":"https:\/\/www.heustadelgasse.at\/index.php?rest_route=\/wp\/v2\/pages\/236\/revisions\/15439"}],"up":[{"embeddable":true,"href":"https:\/\/www.heustadelgasse.at\/index.php?rest_route=\/wp\/v2\/pages\/17"}],"wp:attachment":[{"href":"https:\/\/www.heustadelgasse.at\/index.php?rest_route=%2Fwp%2Fv2%2Fmedia&parent=236"}],"curies":[{"name":"wp","href":"https:\/\/api.w.org\/{rel}","templated":true}]}}